{"id":16727,"date":"2026-02-04T11:24:18","date_gmt":"2026-02-04T15:24:18","guid":{"rendered":"https:\/\/sochige.cl\/?page_id=16727"},"modified":"2026-02-04T13:39:53","modified_gmt":"2026-02-04T17:39:53","slug":"directorio","status":"publish","type":"page","link":"https:\/\/sochige.cl\/en\/directorio\/","title":{"rendered":"Directory"},"content":{"rendered":"<div data-elementor-type=\"wp-page\" data-elementor-id=\"16727\" class=\"elementor elementor-16727\">\n\t\t\t\t\t\t\t<div class=\"elementor-element elementor-element-a04c6b0 e-flex e-con-boxed e-con\" data-id=\"a04c6b0\" data-element_type=\"container\" data-settings=\"{&quot;content_width&quot;:&quot;boxed&quot;}\">\n\t\t\t\t\t<div class=\"e-con-inner\">\n\t\t\t\t<div class=\"elementor-element elementor-element-e20d40d elementor-widget elementor-widget-heading\" data-id=\"e20d40d\" data-element_type=\"widget\" data-widget_type=\"heading.default\">\n\t\t\t\t<div class=\"elementor-widget-container\">\n\t\t\t<style>\/*! elementor - v3.15.0 - 20-08-2023 *\/\n.elementor-heading-title{padding:0;margin:0;line-height:1}.elementor-widget-heading .elementor-heading-title[class*=elementor-size-]>a{color:inherit;font-size:inherit;line-height:inherit}.elementor-widget-heading .elementor-heading-title.elementor-size-small{font-size:15px}.elementor-widget-heading .elementor-heading-title.elementor-size-medium{font-size:19px}.elementor-widget-heading .elementor-heading-title.elementor-size-large{font-size:29px}.elementor-widget-heading .elementor-heading-title.elementor-size-xl{font-size:39px}.elementor-widget-heading .elementor-heading-title.elementor-size-xxl{font-size:59px}<\/style><h2 class=\"elementor-heading-title elementor-size-default\">Directory\n<\/h2>\t\t<\/div>\n\t\t\t\t<\/div>\n\t\t\t\t<div class=\"elementor-element elementor-element-fae83e7 elementor-widget elementor-widget-heading\" data-id=\"fae83e7\" data-element_type=\"widget\" data-widget_type=\"heading.default\">\n\t\t\t\t<div class=\"elementor-widget-container\">\n\t\t\t<h5 class=\"elementor-heading-title elementor-size-default\">The board elected for the period 2026 \u2013 2027 is comprised of:\n<\/h5>\t\t<\/div>\n\t\t\t\t<\/div>\n\t\t\t\t<div class=\"elementor-element elementor-element-88289c0 elementor-widget elementor-widget-spacer\" data-id=\"88289c0\" data-element_type=\"widget\" data-widget_type=\"spacer.default\">\n\t\t\t\t<div class=\"elementor-widget-container\">\n\t\t\t<style>\/*! elementor - v3.15.0 - 20-08-2023 *\/\n.elementor-column .elementor-spacer-inner{height:var(--spacer-size)}.e-con{--container-widget-width:100%}.e-con-inner>.elementor-widget-spacer,.e-con>.elementor-widget-spacer{width:var(--container-widget-width,var(--spacer-size));--align-self:var(--container-widget-align-self,initial);--flex-shrink:0}.e-con-inner>.elementor-widget-spacer>.elementor-widget-container,.e-con-inner>.elementor-widget-spacer>.elementor-widget-container>.elementor-spacer,.e-con>.elementor-widget-spacer>.elementor-widget-container,.e-con>.elementor-widget-spacer>.elementor-widget-container>.elementor-spacer{height:100%}.e-con-inner>.elementor-widget-spacer>.elementor-widget-container>.elementor-spacer>.elementor-spacer-inner,.e-con>.elementor-widget-spacer>.elementor-widget-container>.elementor-spacer>.elementor-spacer-inner{height:var(--container-widget-height,var(--spacer-size))}<\/style>\t\t<div class=\"elementor-spacer\">\n\t\t\t<div class=\"elementor-spacer-inner\"><\/div>\n\t\t<\/div>\n\t\t\t\t<\/div>\n\t\t\t\t<\/div>\n\t\t\t\t\t<\/div>\n\t\t\t\t<\/div>\n\t\t<div class=\"elementor-element elementor-element-49dc6d3 e-flex e-con-boxed e-con\" data-id=\"49dc6d3\" data-element_type=\"container\" data-settings=\"{&quot;content_width&quot;:&quot;boxed&quot;}\">\n\t\t\t\t\t<div class=\"e-con-inner\">\n\t\t<div class=\"elementor-element elementor-element-cb71b2d e-con-full e-flex e-con\" data-id=\"cb71b2d\" data-element_type=\"container\" data-settings=\"{&quot;content_width&quot;:&quot;full&quot;}\">\n\t\t\t\t<div class=\"elementor-element elementor-element-6f2aafc elementor-widget elementor-widget-image\" data-id=\"6f2aafc\" data-element_type=\"widget\" data-widget_type=\"image.default\">\n\t\t\t\t<div class=\"elementor-widget-container\">\n\t\t\t<style>\/*! elementor - v3.15.0 - 20-08-2023 *\/\n.elementor-widget-image{text-align:center}.elementor-widget-image a{display:inline-block}.elementor-widget-image a img[src$=\".svg\"]{width:48px}.elementor-widget-image img{vertical-align:middle;display:inline-block}<\/style>\t\t\t\t\t\t\t\t\t\t\t\t<img width=\"300\" height=\"300\" src=\"https:\/\/sochige.cl\/wp-content\/uploads\/2026\/02\/1-300x300.png\" class=\"attachment-medium size-medium wp-image-16738\" alt=\"\" loading=\"lazy\" srcset=\"https:\/\/sochige.cl\/wp-content\/uploads\/2026\/02\/1-300x300.png 300w, https:\/\/sochige.cl\/wp-content\/uploads\/2026\/02\/1-150x150.png 150w, https:\/\/sochige.cl\/wp-content\/uploads\/2026\/02\/1-768x768.png 768w, https:\/\/sochige.cl\/wp-content\/uploads\/2026\/02\/1-109x109.png 109w, https:\/\/sochige.cl\/wp-content\/uploads\/2026\/02\/1-100x100.png 100w, https:\/\/sochige.cl\/wp-content\/uploads\/2026\/02\/1-65x65.png 65w, https:\/\/sochige.cl\/wp-content\/uploads\/2026\/02\/elementor\/thumbs\/1-rinze5q0cjj5g5w107wzsy87o62e1la9jg8gf0z2jk.png 400w, https:\/\/sochige.cl\/wp-content\/uploads\/2026\/02\/1.png 1000w\" sizes=\"(max-width: 300px) 100vw, 300px\" \/>\t\t\t\t\t\t\t\t\t\t\t\t\t\t\t<\/div>\n\t\t\t\t<\/div>\n\t\t\t\t<\/div>\n\t\t<div class=\"elementor-element elementor-element-9f67363 e-con-full e-flex e-con\" data-id=\"9f67363\" data-element_type=\"container\" data-settings=\"{&quot;content_width&quot;:&quot;full&quot;}\">\n\t\t\t\t<div class=\"elementor-element elementor-element-04e3798 elementor-widget elementor-widget-spacer\" data-id=\"04e3798\" data-element_type=\"widget\" data-widget_type=\"spacer.default\">\n\t\t\t\t<div class=\"elementor-widget-container\">\n\t\t\t\t\t<div class=\"elementor-spacer\">\n\t\t\t<div class=\"elementor-spacer-inner\"><\/div>\n\t\t<\/div>\n\t\t\t\t<\/div>\n\t\t\t\t<\/div>\n\t\t\t\t<div class=\"elementor-element elementor-element-2efc0d9 elementor-widget elementor-widget-heading\" data-id=\"2efc0d9\" data-element_type=\"widget\" data-widget_type=\"heading.default\">\n\t\t\t\t<div class=\"elementor-widget-container\">\n\t\t\t<h3 class=\"elementor-heading-title elementor-size-default\">Rafael Iglesias, President<\/h3>\t\t<\/div>\n\t\t\t\t<\/div>\n\t\t\t\t<div class=\"elementor-element elementor-element-d53d8f4 elementor-widget elementor-widget-heading\" data-id=\"d53d8f4\" data-element_type=\"widget\" data-widget_type=\"heading.default\">\n\t\t\t\t<div class=\"elementor-widget-container\">\n\t\t\t<h5 class=\"elementor-heading-title elementor-size-default\">Civil Engineer from the University of Chile, MSc in Soil Mechanics and Earthquake Engineering from Imperial College London.<\/h5>\t\t<\/div>\n\t\t\t\t<\/div>\n\t\t\t\t<div class=\"elementor-element elementor-element-fa2a59a elementor-widget elementor-widget-text-editor\" data-id=\"fa2a59a\" data-element_type=\"widget\" data-widget_type=\"text-editor.default\">\n\t\t\t\t<div class=\"elementor-widget-container\">\n\t\t\t<style>\/*! elementor - v3.15.0 - 20-08-2023 *\/\n.elementor-widget-text-editor.elementor-drop-cap-view-stacked .elementor-drop-cap{background-color:#69727d;color:#fff}.elementor-widget-text-editor.elementor-drop-cap-view-framed .elementor-drop-cap{color:#69727d;border:3px solid;background-color:transparent}.elementor-widget-text-editor:not(.elementor-drop-cap-view-default) .elementor-drop-cap{margin-top:8px}.elementor-widget-text-editor:not(.elementor-drop-cap-view-default) .elementor-drop-cap-letter{width:1em;height:1em}.elementor-widget-text-editor .elementor-drop-cap{float:left;text-align:center;line-height:1;font-size:50px}.elementor-widget-text-editor .elementor-drop-cap-letter{display:inline-block}<\/style>\t\t\t\t<p>He has over 14 years of professional experience in geotechnics, participating in civil, industrial, and mining projects. He works as a senior geotechnical engineer and is an associate professor at Universidad Andres Bello.<\/p>\t\t\t\t\t\t<\/div>\n\t\t\t\t<\/div>\n\t\t\t\t<\/div>\n\t\t\t\t\t<\/div>\n\t\t\t\t<\/div>\n\t\t<div class=\"elementor-element elementor-element-be63f97 e-flex e-con-boxed e-con\" data-id=\"be63f97\" data-element_type=\"container\" data-settings=\"{&quot;content_width&quot;:&quot;boxed&quot;}\">\n\t\t\t\t\t<div class=\"e-con-inner\">\n\t\t<div class=\"elementor-element elementor-element-b1c8250 e-con-full e-flex e-con\" data-id=\"b1c8250\" data-element_type=\"container\" data-settings=\"{&quot;content_width&quot;:&quot;full&quot;}\">\n\t\t\t\t<div class=\"elementor-element elementor-element-f8d165f elementor-widget elementor-widget-image\" data-id=\"f8d165f\" data-element_type=\"widget\" data-widget_type=\"image.default\">\n\t\t\t\t<div class=\"elementor-widget-container\">\n\t\t\t\t\t\t\t\t\t\t\t\t\t\t\t<img width=\"300\" height=\"300\" src=\"https:\/\/sochige.cl\/wp-content\/uploads\/2026\/02\/5-300x300.png\" class=\"attachment-medium size-medium wp-image-16742\" alt=\"\" loading=\"lazy\" srcset=\"https:\/\/sochige.cl\/wp-content\/uploads\/2026\/02\/5-300x300.png 300w, https:\/\/sochige.cl\/wp-content\/uploads\/2026\/02\/5-150x150.png 150w, https:\/\/sochige.cl\/wp-content\/uploads\/2026\/02\/5-768x768.png 768w, https:\/\/sochige.cl\/wp-content\/uploads\/2026\/02\/5-109x109.png 109w, https:\/\/sochige.cl\/wp-content\/uploads\/2026\/02\/5-100x100.png 100w, https:\/\/sochige.cl\/wp-content\/uploads\/2026\/02\/5-65x65.png 65w, https:\/\/sochige.cl\/wp-content\/uploads\/2026\/02\/5.png 1000w\" sizes=\"(max-width: 300px) 100vw, 300px\" \/>\t\t\t\t\t\t\t\t\t\t\t\t\t\t\t<\/div>\n\t\t\t\t<\/div>\n\t\t\t\t<\/div>\n\t\t<div class=\"elementor-element elementor-element-0bbb187 e-con-full e-flex e-con\" data-id=\"0bbb187\" data-element_type=\"container\" data-settings=\"{&quot;content_width&quot;:&quot;full&quot;}\">\n\t\t\t\t<div class=\"elementor-element elementor-element-b60056c elementor-widget elementor-widget-spacer\" data-id=\"b60056c\" data-element_type=\"widget\" data-widget_type=\"spacer.default\">\n\t\t\t\t<div class=\"elementor-widget-container\">\n\t\t\t\t\t<div class=\"elementor-spacer\">\n\t\t\t<div class=\"elementor-spacer-inner\"><\/div>\n\t\t<\/div>\n\t\t\t\t<\/div>\n\t\t\t\t<\/div>\n\t\t\t\t<div class=\"elementor-element elementor-element-02524b6 elementor-widget elementor-widget-heading\" data-id=\"02524b6\" data-element_type=\"widget\" data-widget_type=\"heading.default\">\n\t\t\t\t<div class=\"elementor-widget-container\">\n\t\t\t<h3 class=\"elementor-heading-title elementor-size-default\">Camilo Morales, Vice President\n<\/h3>\t\t<\/div>\n\t\t\t\t<\/div>\n\t\t\t\t<div class=\"elementor-element elementor-element-81fbb39 elementor-widget elementor-widget-heading\" data-id=\"81fbb39\" data-element_type=\"widget\" data-widget_type=\"heading.default\">\n\t\t\t\t<div class=\"elementor-widget-container\">\n\t\t\t<h5 class=\"elementor-heading-title elementor-size-default\">Civil Engineer from the Pontificia Universidad Cat\u00f3lica de Chile, with a Master's degree in Seismic Geotechnical Engineering (PUC) and an MSc in Soil Mechanics and Earthquake Engineering from Imperial College London.<\/h5>\t\t<\/div>\n\t\t\t\t<\/div>\n\t\t\t\t<div class=\"elementor-element elementor-element-1776c2b elementor-widget elementor-widget-text-editor\" data-id=\"1776c2b\" data-element_type=\"widget\" data-widget_type=\"text-editor.default\">\n\t\t\t\t<div class=\"elementor-widget-container\">\n\t\t\t\t\t\t\t<p>He possesses around 10 years of experience in civil projects and mining waste management. He serves as a Senior Geotechnical Engineer and is an assistant professor at the Pontificia Universidad Cat\u00f3lica de Chile.<\/p>\t\t\t\t\t\t<\/div>\n\t\t\t\t<\/div>\n\t\t\t\t<\/div>\n\t\t\t\t\t<\/div>\n\t\t\t\t<\/div>\n\t\t<div class=\"elementor-element elementor-element-d0c2fe9 e-flex e-con-boxed e-con\" data-id=\"d0c2fe9\" data-element_type=\"container\" data-settings=\"{&quot;content_width&quot;:&quot;boxed&quot;}\">\n\t\t\t\t\t<div class=\"e-con-inner\">\n\t\t<div class=\"elementor-element elementor-element-45544a0 e-con-full e-flex e-con\" data-id=\"45544a0\" data-element_type=\"container\" data-settings=\"{&quot;content_width&quot;:&quot;full&quot;}\">\n\t\t\t\t<div class=\"elementor-element elementor-element-c0715da elementor-widget elementor-widget-image\" data-id=\"c0715da\" data-element_type=\"widget\" data-widget_type=\"image.default\">\n\t\t\t\t<div class=\"elementor-widget-container\">\n\t\t\t\t\t\t\t\t\t\t\t\t\t\t\t<img width=\"300\" height=\"300\" src=\"https:\/\/sochige.cl\/wp-content\/uploads\/2026\/02\/4-300x300.png\" class=\"attachment-medium size-medium wp-image-16741\" alt=\"\" loading=\"lazy\" srcset=\"https:\/\/sochige.cl\/wp-content\/uploads\/2026\/02\/4-300x300.png 300w, https:\/\/sochige.cl\/wp-content\/uploads\/2026\/02\/4-150x150.png 150w, https:\/\/sochige.cl\/wp-content\/uploads\/2026\/02\/4-768x768.png 768w, https:\/\/sochige.cl\/wp-content\/uploads\/2026\/02\/4-109x109.png 109w, https:\/\/sochige.cl\/wp-content\/uploads\/2026\/02\/4-100x100.png 100w, https:\/\/sochige.cl\/wp-content\/uploads\/2026\/02\/4-65x65.png 65w, https:\/\/sochige.cl\/wp-content\/uploads\/2026\/02\/4.png 1000w\" sizes=\"(max-width: 300px) 100vw, 300px\" \/>\t\t\t\t\t\t\t\t\t\t\t\t\t\t\t<\/div>\n\t\t\t\t<\/div>\n\t\t\t\t<\/div>\n\t\t<div class=\"elementor-element elementor-element-5906e44 e-con-full e-flex e-con\" data-id=\"5906e44\" data-element_type=\"container\" data-settings=\"{&quot;content_width&quot;:&quot;full&quot;}\">\n\t\t\t\t<div class=\"elementor-element elementor-element-67fde02 elementor-widget elementor-widget-spacer\" data-id=\"67fde02\" data-element_type=\"widget\" data-widget_type=\"spacer.default\">\n\t\t\t\t<div class=\"elementor-widget-container\">\n\t\t\t\t\t<div class=\"elementor-spacer\">\n\t\t\t<div class=\"elementor-spacer-inner\"><\/div>\n\t\t<\/div>\n\t\t\t\t<\/div>\n\t\t\t\t<\/div>\n\t\t\t\t<div class=\"elementor-element elementor-element-19a0780 elementor-widget elementor-widget-heading\" data-id=\"19a0780\" data-element_type=\"widget\" data-widget_type=\"heading.default\">\n\t\t\t\t<div class=\"elementor-widget-container\">\n\t\t\t<h3 class=\"elementor-heading-title elementor-size-default\">Catalina Mancilla, Secretary\n<\/h3>\t\t<\/div>\n\t\t\t\t<\/div>\n\t\t\t\t<div class=\"elementor-element elementor-element-be2ba80 elementor-widget elementor-widget-heading\" data-id=\"be2ba80\" data-element_type=\"widget\" data-widget_type=\"heading.default\">\n\t\t\t\t<div class=\"elementor-widget-container\">\n\t\t\t<h5 class=\"elementor-heading-title elementor-size-default\">Civil Engineer from Federico Santa Mar\u00eda Technical University, Master's in Soil Mechanics from CEDEX, Spain.<\/h5>\t\t<\/div>\n\t\t\t\t<\/div>\n\t\t\t\t<div class=\"elementor-element elementor-element-a7a4ac0 elementor-widget elementor-widget-text-editor\" data-id=\"a7a4ac0\" data-element_type=\"widget\" data-widget_type=\"text-editor.default\">\n\t\t\t\t<div class=\"elementor-widget-container\">\n\t\t\t\t\t\t\t<p>Has more than 14 years of experience in building, infrastructure, energy, and mining projects, with a particular focus on geotechnics and tailings dams.<\/p>\t\t\t\t\t\t<\/div>\n\t\t\t\t<\/div>\n\t\t\t\t<\/div>\n\t\t\t\t\t<\/div>\n\t\t\t\t<\/div>\n\t\t<div class=\"elementor-element elementor-element-ef05aeb e-flex e-con-boxed e-con\" data-id=\"ef05aeb\" data-element_type=\"container\" data-settings=\"{&quot;content_width&quot;:&quot;boxed&quot;}\">\n\t\t\t\t\t<div class=\"e-con-inner\">\n\t\t<div class=\"elementor-element elementor-element-24cf2bb e-con-full e-flex e-con\" data-id=\"24cf2bb\" data-element_type=\"container\" data-settings=\"{&quot;content_width&quot;:&quot;full&quot;}\">\n\t\t\t\t<div class=\"elementor-element elementor-element-0f752ab elementor-widget elementor-widget-image\" data-id=\"0f752ab\" data-element_type=\"widget\" data-widget_type=\"image.default\">\n\t\t\t\t<div class=\"elementor-widget-container\">\n\t\t\t\t\t\t\t\t\t\t\t\t\t\t\t<img width=\"300\" height=\"300\" src=\"https:\/\/sochige.cl\/wp-content\/uploads\/2026\/02\/2-300x300.png\" class=\"attachment-medium size-medium wp-image-16739\" alt=\"\" loading=\"lazy\" srcset=\"https:\/\/sochige.cl\/wp-content\/uploads\/2026\/02\/2-300x300.png 300w, https:\/\/sochige.cl\/wp-content\/uploads\/2026\/02\/2-150x150.png 150w, https:\/\/sochige.cl\/wp-content\/uploads\/2026\/02\/2-768x768.png 768w, https:\/\/sochige.cl\/wp-content\/uploads\/2026\/02\/2-109x109.png 109w, https:\/\/sochige.cl\/wp-content\/uploads\/2026\/02\/2-100x100.png 100w, https:\/\/sochige.cl\/wp-content\/uploads\/2026\/02\/2-65x65.png 65w, https:\/\/sochige.cl\/wp-content\/uploads\/2026\/02\/2.png 1000w\" sizes=\"(max-width: 300px) 100vw, 300px\" \/>\t\t\t\t\t\t\t\t\t\t\t\t\t\t\t<\/div>\n\t\t\t\t<\/div>\n\t\t\t\t<\/div>\n\t\t<div class=\"elementor-element elementor-element-0f531c3 e-con-full e-flex e-con\" data-id=\"0f531c3\" data-element_type=\"container\" data-settings=\"{&quot;content_width&quot;:&quot;full&quot;}\">\n\t\t\t\t<div class=\"elementor-element elementor-element-f15e39e elementor-widget elementor-widget-spacer\" data-id=\"f15e39e\" data-element_type=\"widget\" data-widget_type=\"spacer.default\">\n\t\t\t\t<div class=\"elementor-widget-container\">\n\t\t\t\t\t<div class=\"elementor-spacer\">\n\t\t\t<div class=\"elementor-spacer-inner\"><\/div>\n\t\t<\/div>\n\t\t\t\t<\/div>\n\t\t\t\t<\/div>\n\t\t\t\t<div class=\"elementor-element elementor-element-162d315 elementor-widget elementor-widget-heading\" data-id=\"162d315\" data-element_type=\"widget\" data-widget_type=\"heading.default\">\n\t\t\t\t<div class=\"elementor-widget-container\">\n\t\t\t<h3 class=\"elementor-heading-title elementor-size-default\">Gonzalo Boada, Treasurer\n<\/h3>\t\t<\/div>\n\t\t\t\t<\/div>\n\t\t\t\t<div class=\"elementor-element elementor-element-59e09a6 elementor-widget elementor-widget-heading\" data-id=\"59e09a6\" data-element_type=\"widget\" data-widget_type=\"heading.default\">\n\t\t\t\t<div class=\"elementor-widget-container\">\n\t\t\t<h5 class=\"elementor-heading-title elementor-size-default\">Civil Engineer from the University of Chile, with a Master's in Geotechnical Engineering and Data Science from Imperial College London.<\/h5>\t\t<\/div>\n\t\t\t\t<\/div>\n\t\t\t\t<div class=\"elementor-element elementor-element-f004606 elementor-widget elementor-widget-text-editor\" data-id=\"f004606\" data-element_type=\"widget\" data-widget_type=\"text-editor.default\">\n\t\t\t\t<div class=\"elementor-widget-container\">\n\t\t\t\t\t\t\t<p>You possess experience in applied research projects and mining geotechnics, and have actively participated in outreach and professional engagement initiatives in the geotechnical field.<\/p>\t\t\t\t\t\t<\/div>\n\t\t\t\t<\/div>\n\t\t\t\t<\/div>\n\t\t\t\t\t<\/div>\n\t\t\t\t<\/div>\n\t\t<div class=\"elementor-element elementor-element-78ab16a e-flex e-con-boxed e-con\" data-id=\"78ab16a\" data-element_type=\"container\" data-settings=\"{&quot;content_width&quot;:&quot;boxed&quot;}\">\n\t\t\t\t\t<div class=\"e-con-inner\">\n\t\t<div class=\"elementor-element elementor-element-a912151 e-con-full e-flex e-con\" data-id=\"a912151\" data-element_type=\"container\" data-settings=\"{&quot;content_width&quot;:&quot;full&quot;}\">\n\t\t\t\t<div class=\"elementor-element elementor-element-2845f28 elementor-widget elementor-widget-image\" data-id=\"2845f28\" data-element_type=\"widget\" data-widget_type=\"image.default\">\n\t\t\t\t<div class=\"elementor-widget-container\">\n\t\t\t\t\t\t\t\t\t\t\t\t\t\t\t<img width=\"300\" height=\"300\" src=\"https:\/\/sochige.cl\/wp-content\/uploads\/2026\/02\/3-300x300.png\" class=\"attachment-medium size-medium wp-image-16740\" alt=\"\" loading=\"lazy\" srcset=\"https:\/\/sochige.cl\/wp-content\/uploads\/2026\/02\/3-300x300.png 300w, https:\/\/sochige.cl\/wp-content\/uploads\/2026\/02\/3-150x150.png 150w, https:\/\/sochige.cl\/wp-content\/uploads\/2026\/02\/3-768x768.png 768w, https:\/\/sochige.cl\/wp-content\/uploads\/2026\/02\/3-109x109.png 109w, https:\/\/sochige.cl\/wp-content\/uploads\/2026\/02\/3-100x100.png 100w, https:\/\/sochige.cl\/wp-content\/uploads\/2026\/02\/3-65x65.png 65w, https:\/\/sochige.cl\/wp-content\/uploads\/2026\/02\/3.png 1000w\" sizes=\"(max-width: 300px) 100vw, 300px\" \/>\t\t\t\t\t\t\t\t\t\t\t\t\t\t\t<\/div>\n\t\t\t\t<\/div>\n\t\t\t\t<\/div>\n\t\t<div class=\"elementor-element elementor-element-c7d7c90 e-con-full e-flex e-con\" data-id=\"c7d7c90\" data-element_type=\"container\" data-settings=\"{&quot;content_width&quot;:&quot;full&quot;}\">\n\t\t\t\t<div class=\"elementor-element elementor-element-2e29f7e elementor-widget elementor-widget-spacer\" data-id=\"2e29f7e\" data-element_type=\"widget\" data-widget_type=\"spacer.default\">\n\t\t\t\t<div class=\"elementor-widget-container\">\n\t\t\t\t\t<div class=\"elementor-spacer\">\n\t\t\t<div class=\"elementor-spacer-inner\"><\/div>\n\t\t<\/div>\n\t\t\t\t<\/div>\n\t\t\t\t<\/div>\n\t\t\t\t<div class=\"elementor-element elementor-element-2fa2517 elementor-widget elementor-widget-heading\" data-id=\"2fa2517\" data-element_type=\"widget\" data-widget_type=\"heading.default\">\n\t\t\t\t<div class=\"elementor-widget-container\">\n\t\t\t<h3 class=\"elementor-heading-title elementor-size-default\">Omar N\u00fa\u00f1ez, Director<\/h3>\t\t<\/div>\n\t\t\t\t<\/div>\n\t\t\t\t<div class=\"elementor-element elementor-element-b376775 elementor-widget elementor-widget-heading\" data-id=\"b376775\" data-element_type=\"widget\" data-widget_type=\"heading.default\">\n\t\t\t\t<div class=\"elementor-widget-container\">\n\t\t\t<h5 class=\"elementor-heading-title elementor-size-default\">Civil Engineer from the University of Chile, with a Master's in Information Technology from University College London (UCL).<\/h5>\t\t<\/div>\n\t\t\t\t<\/div>\n\t\t\t\t<div class=\"elementor-element elementor-element-58a5164 elementor-widget elementor-widget-text-editor\" data-id=\"58a5164\" data-element_type=\"widget\" data-widget_type=\"text-editor.default\">\n\t\t\t\t<div class=\"elementor-widget-container\">\n\t\t\t\t\t\t\t<p>He has extensive experience in applied geotechnics, advanced laboratory testing and university teaching, and is the founder and general manager of the One Geotecnia laboratory.<\/p>\t\t\t\t\t\t<\/div>\n\t\t\t\t<\/div>\n\t\t\t\t<\/div>\n\t\t\t\t\t<\/div>\n\t\t\t\t<\/div>\n\t\t<div class=\"elementor-element elementor-element-f8857bd e-flex e-con-boxed e-con\" data-id=\"f8857bd\" data-element_type=\"container\" data-settings=\"{&quot;content_width&quot;:&quot;boxed&quot;}\">\n\t\t\t\t\t<div class=\"e-con-inner\">\n\t\t\t\t<div class=\"elementor-element elementor-element-f171a2e elementor-widget elementor-widget-spacer\" data-id=\"f171a2e\" data-element_type=\"widget\" data-widget_type=\"spacer.default\">\n\t\t\t\t<div class=\"elementor-widget-container\">\n\t\t\t\t\t<div class=\"elementor-spacer\">\n\t\t\t<div class=\"elementor-spacer-inner\"><\/div>\n\t\t<\/div>\n\t\t\t\t<\/div>\n\t\t\t\t<\/div>\n\t\t\t\t<div class=\"elementor-element elementor-element-292a3c3 elementor-widget elementor-widget-text-editor\" data-id=\"292a3c3\" data-element_type=\"widget\" data-widget_type=\"text-editor.default\">\n\t\t\t\t<div class=\"elementor-widget-container\">\n\t\t\t\t\t\t\t<p style=\"text-align: left;\">The\u00a0<strong>SOCHIGE<\/strong>\u00a0Its main purpose is to promote and disseminate the knowledge, development, and research of geotechnics and its broad spectrum of specialities, which include soil mechanics, soil dynamics, foundations, rock mechanics, engineering geology, dam engineering, tunnel engineering, environmental geotechnics, mining geotechnics, highway geotechnics, and port geotechnics, among others. Additionally, in order to promote the discipline and knowledge among its members, the Society also aims to organise meetings and conferences for the dissemination of scientific and technical work and the exchange of experiences.<\/p><p style=\"text-align: left;\">Our society aims to facilitate exchanges between professionals and academics from different specialities, promote knowledge and experience in the discipline, and support any initiative aimed at the theoretical and practical advancement of national and international geotechnics.<\/p>\t\t\t\t\t\t<\/div>\n\t\t\t\t<\/div>\n\t\t\t\t\t<\/div>\n\t\t\t\t<\/div>\n\t\t\t\t\t\t\t<\/div>","protected":false},"excerpt":{"rendered":"<p>Directorio El directorio electo para el per\u00edodo 2026 \u2013 2027, est\u00e1 compuesto por: Rafael Iglesias, Presidente Ingeniero Civil de la Universidad de Chile, MSc en Mec\u00e1nica de Suelos e Ingenier\u00eda [&hellip;]<\/p>","protected":false},"author":1,"featured_media":0,"parent":0,"menu_order":0,"comment_status":"closed","ping_status":"closed","template":"","meta":{"ngg_post_thumbnail":0,"_links_to":"","_links_to_target":""},"_links":{"self":[{"href":"https:\/\/sochige.cl\/en\/wp-json\/wp\/v2\/pages\/16727"}],"collection":[{"href":"https:\/\/sochige.cl\/en\/wp-json\/wp\/v2\/pages"}],"about":[{"href":"https:\/\/sochige.cl\/en\/wp-json\/wp\/v2\/types\/page"}],"author":[{"embeddable":true,"href":"https:\/\/sochige.cl\/en\/wp-json\/wp\/v2\/users\/1"}],"replies":[{"embeddable":true,"href":"https:\/\/sochige.cl\/en\/wp-json\/wp\/v2\/comments?post=16727"}],"version-history":[{"count":19,"href":"https:\/\/sochige.cl\/en\/wp-json\/wp\/v2\/pages\/16727\/revisions"}],"predecessor-version":[{"id":16757,"href":"https:\/\/sochige.cl\/en\/wp-json\/wp\/v2\/pages\/16727\/revisions\/16757"}],"wp:attachment":[{"href":"https:\/\/sochige.cl\/en\/wp-json\/wp\/v2\/media?parent=16727"}],"curies":[{"name":"wp","href":"https:\/\/api.w.org\/{rel}","templated":true}]}}