{"id":16728,"date":"2026-02-04T11:24:18","date_gmt":"2026-02-04T15:24:18","guid":{"rendered":"https:\/\/sochige.cl\/?page_id=16728"},"modified":"2026-02-04T13:39:37","modified_gmt":"2026-02-04T17:39:37","slug":"comisiones","status":"publish","type":"page","link":"https:\/\/sochige.cl\/en\/comisiones\/","title":{"rendered":"Working groups and committees"},"content":{"rendered":"<div data-elementor-type=\"wp-page\" data-elementor-id=\"16728\" class=\"elementor elementor-16728\">\n\t\t\t\t\t\t\t<div class=\"elementor-element elementor-element-8d38a87 e-flex e-con-boxed e-con\" data-id=\"8d38a87\" data-element_type=\"container\" data-settings=\"{&quot;content_width&quot;:&quot;boxed&quot;}\">\n\t\t\t\t\t<div class=\"e-con-inner\">\n\t\t<div class=\"elementor-element elementor-element-75d3729 e-con-full e-flex e-con\" data-id=\"75d3729\" data-element_type=\"container\" data-settings=\"{&quot;content_width&quot;:&quot;full&quot;}\">\n\t\t\t\t<div class=\"elementor-element elementor-element-9591b4d elementor-widget elementor-widget-heading\" data-id=\"9591b4d\" data-element_type=\"widget\" data-widget_type=\"heading.default\">\n\t\t\t\t<div class=\"elementor-widget-container\">\n\t\t\t<style>\/*! elementor - v3.15.0 - 20-08-2023 *\/\n.elementor-heading-title{padding:0;margin:0;line-height:1}.elementor-widget-heading .elementor-heading-title[class*=elementor-size-]>a{color:inherit;font-size:inherit;line-height:inherit}.elementor-widget-heading .elementor-heading-title.elementor-size-small{font-size:15px}.elementor-widget-heading .elementor-heading-title.elementor-size-medium{font-size:19px}.elementor-widget-heading .elementor-heading-title.elementor-size-large{font-size:29px}.elementor-widget-heading .elementor-heading-title.elementor-size-xl{font-size:39px}.elementor-widget-heading .elementor-heading-title.elementor-size-xxl{font-size:59px}<\/style><h4 class=\"elementor-heading-title elementor-size-default\">Audit Committee<\/h4>\t\t<\/div>\n\t\t\t\t<\/div>\n\t\t\t\t<div class=\"elementor-element elementor-element-cb41823 elementor-widget elementor-widget-text-editor\" data-id=\"cb41823\" data-element_type=\"widget\" data-widget_type=\"text-editor.default\">\n\t\t\t\t<div class=\"elementor-widget-container\">\n\t\t\t<style>\/*! elementor - v3.15.0 - 20-08-2023 *\/\n.elementor-widget-text-editor.elementor-drop-cap-view-stacked .elementor-drop-cap{background-color:#69727d;color:#fff}.elementor-widget-text-editor.elementor-drop-cap-view-framed .elementor-drop-cap{color:#69727d;border:3px solid;background-color:transparent}.elementor-widget-text-editor:not(.elementor-drop-cap-view-default) .elementor-drop-cap{margin-top:8px}.elementor-widget-text-editor:not(.elementor-drop-cap-view-default) .elementor-drop-cap-letter{width:1em;height:1em}.elementor-widget-text-editor .elementor-drop-cap{float:left;text-align:center;line-height:1;font-size:50px}.elementor-widget-text-editor .elementor-drop-cap-letter{display:inline-block}<\/style>\t\t\t\t<ul><li>Carolina Jadue Matus<\/li><li>Francisca Lezana<\/li><li>Joserna Villarroel<\/li><\/ul>\t\t\t\t\t\t<\/div>\n\t\t\t\t<\/div>\n\t\t\t\t<div class=\"elementor-element elementor-element-df672b5 elementor-widget elementor-widget-heading\" data-id=\"df672b5\" data-element_type=\"widget\" data-widget_type=\"heading.default\">\n\t\t\t\t<div class=\"elementor-widget-container\">\n\t\t\t<h4 class=\"elementor-heading-title elementor-size-default\">Ethics Committee<\/h4>\t\t<\/div>\n\t\t\t\t<\/div>\n\t\t\t\t<div class=\"elementor-element elementor-element-d1f3e1b elementor-widget elementor-widget-text-editor\" data-id=\"d1f3e1b\" data-element_type=\"widget\" data-widget_type=\"text-editor.default\">\n\t\t\t\t<div class=\"elementor-widget-container\">\n\t\t\t\t\t\t\t<ul><li>Daniela Pollak Aguil\u00f3 \u2013 President 2018-2019<\/li><li>Gonzalo Montalva Alvarado \u2013 President 2020-2021<\/li><li>Paulo Or\u00f3stegui Torvisco \u2013 President 2024-2025<\/li><\/ul>\t\t\t\t\t\t<\/div>\n\t\t\t\t<\/div>\n\t\t\t\t<\/div>\n\t\t<div class=\"elementor-element elementor-element-387fa36 e-con-full e-flex e-con\" data-id=\"387fa36\" data-element_type=\"container\" data-settings=\"{&quot;content_width&quot;:&quot;full&quot;}\">\n\t\t\t\t<div class=\"elementor-element elementor-element-63faa3d elementor-widget elementor-widget-heading\" data-id=\"63faa3d\" data-element_type=\"widget\" data-widget_type=\"heading.default\">\n\t\t\t\t<div class=\"elementor-widget-container\">\n\t\t\t<h4 class=\"elementor-heading-title elementor-size-default\">Audit Committee<\/h4>\t\t<\/div>\n\t\t\t\t<\/div>\n\t\t\t\t<div class=\"elementor-element elementor-element-0c9377a elementor-widget elementor-widget-text-editor\" data-id=\"0c9377a\" data-element_type=\"widget\" data-widget_type=\"text-editor.default\">\n\t\t\t\t<div class=\"elementor-widget-container\">\n\t\t\t\t\t\t\t<ul><li>ISSMGE TC203, Technical Committee Earthquake Geotechnical Engineering and Associated Problems<\/li><li>SOCHIGE: Draft standard for Liquefaction<\/li><li>MINVU: Expansive Soils Standard<\/li><li>Construction Institute: Technical Committee: \"NCh1508 Draft: Geotechnics \u2013 Soil Mechanics Study\"<\/li><li>Construction Institute: Preliminary Draft of Standard for CPT Testing<\/li><li>INN Technical Committee studying standard prNCh3739\/4 Geotechnical investigation and testing Field tests \u2013 Part 4: M\u00e9nard pressuremeter test.<\/li><\/ul>\t\t\t\t\t\t<\/div>\n\t\t\t\t<\/div>\n\t\t\t\t<\/div>\n\t\t\t\t\t<\/div>\n\t\t\t\t<\/div>\n\t\t\t\t\t\t\t<\/div>","protected":false},"excerpt":{"rendered":"<p>Comisi\u00f3n Revisora de Cuentas Carolina Jadue Matus Francisca Lezana Joserna Villarroel Comit\u00e9 de \u00c9tica: Daniela Pollak Aguil\u00f3\u00a0 \u2013 Presidente 2018-2019 Gonzalo Montalva Alvarado \u2013 Presidente 2020-2021 Paulo Or\u00f3stegui\u00a0 Torvisco \u2013 [&hellip;]<\/p>","protected":false},"author":1,"featured_media":0,"parent":0,"menu_order":0,"comment_status":"closed","ping_status":"closed","template":"","meta":{"ngg_post_thumbnail":0,"_links_to":"","_links_to_target":""},"_links":{"self":[{"href":"https:\/\/sochige.cl\/en\/wp-json\/wp\/v2\/pages\/16728"}],"collection":[{"href":"https:\/\/sochige.cl\/en\/wp-json\/wp\/v2\/pages"}],"about":[{"href":"https:\/\/sochige.cl\/en\/wp-json\/wp\/v2\/types\/page"}],"author":[{"embeddable":true,"href":"https:\/\/sochige.cl\/en\/wp-json\/wp\/v2\/users\/1"}],"replies":[{"embeddable":true,"href":"https:\/\/sochige.cl\/en\/wp-json\/wp\/v2\/comments?post=16728"}],"version-history":[{"count":5,"href":"https:\/\/sochige.cl\/en\/wp-json\/wp\/v2\/pages\/16728\/revisions"}],"predecessor-version":[{"id":16762,"href":"https:\/\/sochige.cl\/en\/wp-json\/wp\/v2\/pages\/16728\/revisions\/16762"}],"wp:attachment":[{"href":"https:\/\/sochige.cl\/en\/wp-json\/wp\/v2\/media?parent=16728"}],"curies":[{"name":"wp","href":"https:\/\/api.w.org\/{rel}","templated":true}]}}