{"id":4046,"date":"2019-06-21T19:05:12","date_gmt":"2019-06-21T19:05:12","guid":{"rendered":"http:\/\/sochige.cl\/?page_id=4046"},"modified":"2026-01-13T07:28:30","modified_gmt":"2026-01-13T11:28:30","slug":"nuestra-sociedad","status":"publish","type":"page","link":"https:\/\/sochige.cl\/en\/nuestra-sociedad\/","title":{"rendered":"Our Society"},"content":{"rendered":"<div data-elementor-type=\"wp-page\" data-elementor-id=\"4046\" class=\"elementor elementor-4046\">\n\t\t\t\t\t\t\t\t\t<section class=\"elementor-section elementor-top-section elementor-element elementor-element-1c6ece7e elementor-section-boxed elementor-section-height-default elementor-section-height-default\" data-id=\"1c6ece7e\" data-element_type=\"section\">\n\t\t\t\t\t\t<div class=\"elementor-container elementor-column-gap-default\">\n\t\t\t\t\t<div class=\"elementor-column elementor-col-50 elementor-top-column elementor-element elementor-element-4bc5afe2\" data-id=\"4bc5afe2\" data-element_type=\"column\">\n\t\t\t<div class=\"elementor-widget-wrap elementor-element-populated\">\n\t\t\t\t\t\t\t\t<div class=\"elementor-element elementor-element-20e8c791 elementor-widget elementor-widget-text-editor\" data-id=\"20e8c791\" data-element_type=\"widget\" data-widget_type=\"text-editor.default\">\n\t\t\t\t<div class=\"elementor-widget-container\">\n\t\t\t<style>\/*! elementor - v3.15.0 - 20-08-2023 *\/\n.elementor-widget-text-editor.elementor-drop-cap-view-stacked .elementor-drop-cap{background-color:#69727d;color:#fff}.elementor-widget-text-editor.elementor-drop-cap-view-framed .elementor-drop-cap{color:#69727d;border:3px solid;background-color:transparent}.elementor-widget-text-editor:not(.elementor-drop-cap-view-default) .elementor-drop-cap{margin-top:8px}.elementor-widget-text-editor:not(.elementor-drop-cap-view-default) .elementor-drop-cap-letter{width:1em;height:1em}.elementor-widget-text-editor .elementor-drop-cap{float:left;text-align:center;line-height:1;font-size:50px}.elementor-widget-text-editor .elementor-drop-cap-letter{display:inline-block}<\/style>\t\t\t\t<h3 class=\"nuestrasociedad\" style=\"text-align: justify;\"><span style=\"color: #ff6600;\"><strong>Directory<\/strong><\/span><\/h3><div><span style=\"text-align: justify;\">The board elected for the period 2026 \u2013 2027 is comprised of:<\/span><\/div><div>\u00a0<\/div><ul><li style=\"font-weight: 400;\"><strong>Presidente:<\/strong> Rafael Iglesias Alvarez de Araya<\/li><li style=\"font-weight: 400;\"><strong>Vicepresidente:<\/strong> Camilo Morales Bravo<\/li><li style=\"font-weight: 400;\"><strong>Secretaria:<\/strong>Catalina Mancilla Labr\u00edn<\/li><li style=\"font-weight: 400;\"><strong>Tesorero:<\/strong> Gonzalo Boada Campos<\/li><li style=\"font-weight: 400;\"><strong>Director:<\/strong> Omar Nu\u00f1ez Esper<\/li><\/ul>\t\t\t\t\t\t<\/div>\n\t\t\t\t<\/div>\n\t\t\t\t\t<\/div>\n\t\t<\/div>\n\t\t\t\t<div class=\"elementor-column elementor-col-50 elementor-top-column elementor-element elementor-element-f21fcea\" data-id=\"f21fcea\" data-element_type=\"column\">\n\t\t\t<div class=\"elementor-widget-wrap elementor-element-populated\">\n\t\t\t\t\t\t\t\t<div class=\"elementor-element elementor-element-b5fc8db elementor-widget elementor-widget-text-editor\" data-id=\"b5fc8db\" data-element_type=\"widget\" data-widget_type=\"text-editor.default\">\n\t\t\t\t<div class=\"elementor-widget-container\">\n\t\t\t\t\t\t\t<h6><span style=\"color: #ff6600;\"><strong>Audit Committee<\/strong><\/span><\/h6><ul><li>Carolina Jadue Matus<\/li><li>Francisca Lezana<\/li><li>Joserna Villarroel<\/li><\/ul><h6><strong><span style=\"color: #ff6600;\">Ethics Committee<\/span><\/strong>\u00a0<\/h6><ul><li>Daniela Pollak Aguil\u00f3\u00a0 &#8211; Presidente 2018-2019<\/li><li>Gonzalo Montalva Alvarado &#8211; Presidente 2020-2021<\/li><li>Paulo Or\u00f3stegui\u00a0 Torvisco &#8211; Presidente 2024-2025<\/li><\/ul>\t\t\t\t\t\t<\/div>\n\t\t\t\t<\/div>\n\t\t\t\t\t<\/div>\n\t\t<\/div>\n\t\t\t\t\t\t\t<\/div>\n\t\t<\/section>\n\t\t\t\t<section class=\"elementor-section elementor-top-section elementor-element elementor-element-41ab288 elementor-section-boxed elementor-section-height-default elementor-section-height-default\" data-id=\"41ab288\" data-element_type=\"section\">\n\t\t\t\t\t\t<div class=\"elementor-container elementor-column-gap-default\">\n\t\t\t\t\t<div class=\"elementor-column elementor-col-100 elementor-top-column elementor-element elementor-element-b01639e\" data-id=\"b01639e\" data-element_type=\"column\">\n\t\t\t<div class=\"elementor-widget-wrap elementor-element-populated\">\n\t\t\t\t\t\t\t\t<div class=\"elementor-element elementor-element-c00f322 elementor-widget elementor-widget-text-editor\" data-id=\"c00f322\" data-element_type=\"widget\" data-widget_type=\"text-editor.default\">\n\t\t\t\t<div class=\"elementor-widget-container\">\n\t\t\t\t\t\t\t<h6><span style=\"color: #ff6600;\"><strong>Comisiones de trabajo vigentes<\/strong><\/span><\/h6><ul><li>ISSMGE TC203, Technical Committee Earthquake Geotechnical Engineering and Associated Problems<\/li><li>SOCHIGE: Draft standard for Liquefaction<\/li><li>MINVU: Expansive Soils Standard<\/li><li>Instituto de la Construcci\u00f3n: Comit\u00e9 T\u00e9cnico : \u00abAnteproyecto NCh1508: Geotecnia &#8211; Estudio de mec\u00e1nica de suelos\u00bb<\/li><li>Construction Institute: Preliminary Draft of Standard for CPT Testing<\/li><li>INN Technical Committee studying standard prNCh3739\/4 Geotechnical investigation and testing Field tests \u2013 Part 4: M\u00e9nard pressuremeter test.<\/li><\/ul><div class=\"nuestrasociedad\" style=\"text-align: justify;\">\u00a0<\/div>\t\t\t\t\t\t<\/div>\n\t\t\t\t<\/div>\n\t\t\t\t<div class=\"elementor-element elementor-element-4dd5c40 elementor-widget elementor-widget-text-editor\" data-id=\"4dd5c40\" data-element_type=\"widget\" data-widget_type=\"text-editor.default\">\n\t\t\t\t<div class=\"elementor-widget-container\">\n\t\t\t\t\t\t\t<div class=\"nuestrasociedad\" style=\"text-align: justify;\"><p>The\u00a0<strong>SOCHIGE<\/strong>\u00a0Its main purpose is to promote and disseminate the knowledge, development, and research of geotechnics and its broad spectrum of specialities, which include soil mechanics, soil dynamics, foundations, rock mechanics, engineering geology, dam engineering, tunnel engineering, environmental geotechnics, mining geotechnics, highway geotechnics, and port geotechnics, among others. Additionally, in order to promote the discipline and knowledge among its members, the Society also aims to organise meetings and conferences for the dissemination of scientific and technical work and the exchange of experiences.<\/p><p>Our society aims to facilitate exchanges between professionals and academics from different specialities, promote knowledge and experience in the discipline, and support any initiative aimed at the theoretical and practical advancement of national and international geotechnics.<\/p><\/div>\t\t\t\t\t\t<\/div>\n\t\t\t\t<\/div>\n\t\t\t\t\t<\/div>\n\t\t<\/div>\n\t\t\t\t\t\t\t<\/div>\n\t\t<\/section>\n\t\t\t\t\t\t\t<\/div>","protected":false},"excerpt":{"rendered":"<p>Directorio El directorio electo para el per\u00edodo 2026 \u2013 2027, est\u00e1 compuesto por:\u00a0 Presidente: Rafael Iglesias Alvarez de Araya Vicepresidente: Camilo Morales Bravo Secretaria:Catalina Mancilla Labr\u00edn Tesorero: Gonzalo Boada Campos [&hellip;]<\/p>","protected":false},"author":1,"featured_media":0,"parent":0,"menu_order":0,"comment_status":"closed","ping_status":"closed","template":"","meta":{"ngg_post_thumbnail":0,"_links_to":"","_links_to_target":""},"_links":{"self":[{"href":"https:\/\/sochige.cl\/en\/wp-json\/wp\/v2\/pages\/4046"}],"collection":[{"href":"https:\/\/sochige.cl\/en\/wp-json\/wp\/v2\/pages"}],"about":[{"href":"https:\/\/sochige.cl\/en\/wp-json\/wp\/v2\/types\/page"}],"author":[{"embeddable":true,"href":"https:\/\/sochige.cl\/en\/wp-json\/wp\/v2\/users\/1"}],"replies":[{"embeddable":true,"href":"https:\/\/sochige.cl\/en\/wp-json\/wp\/v2\/comments?post=4046"}],"version-history":[{"count":30,"href":"https:\/\/sochige.cl\/en\/wp-json\/wp\/v2\/pages\/4046\/revisions"}],"predecessor-version":[{"id":16699,"href":"https:\/\/sochige.cl\/en\/wp-json\/wp\/v2\/pages\/4046\/revisions\/16699"}],"wp:attachment":[{"href":"https:\/\/sochige.cl\/en\/wp-json\/wp\/v2\/media?parent=4046"}],"curies":[{"name":"wp","href":"https:\/\/api.w.org\/{rel}","templated":true}]}}