{"id":4941,"date":"2019-11-04T17:30:59","date_gmt":"2019-11-04T17:30:59","guid":{"rendered":"https:\/\/sochige.cl\/?page_id=4941"},"modified":"2022-10-14T12:14:35","modified_gmt":"2022-10-14T12:14:35","slug":"links-de-interes","status":"publish","type":"page","link":"https:\/\/sochige.cl\/en\/links-de-interes\/","title":{"rendered":"Useful Links"},"content":{"rendered":"<div data-elementor-type=\"wp-page\" data-elementor-id=\"4941\" class=\"elementor elementor-4941\">\n\t\t\t\t\t\t\t\t\t<section class=\"elementor-section elementor-top-section elementor-element elementor-element-f8cf1bd elementor-section-boxed elementor-section-height-default elementor-section-height-default\" data-id=\"f8cf1bd\" data-element_type=\"section\">\n\t\t\t\t\t\t<div class=\"elementor-container elementor-column-gap-default\">\n\t\t\t\t\t<div class=\"elementor-column elementor-col-50 elementor-top-column elementor-element elementor-element-d45d10d\" data-id=\"d45d10d\" data-element_type=\"column\">\n\t\t\t<div class=\"elementor-widget-wrap\">\n\t\t\t\t\t\t\t\t\t<\/div>\n\t\t<\/div>\n\t\t\t\t<div class=\"elementor-column elementor-col-50 elementor-top-column elementor-element elementor-element-757f795\" data-id=\"757f795\" data-element_type=\"column\">\n\t\t\t<div class=\"elementor-widget-wrap\">\n\t\t\t\t\t\t\t\t\t<\/div>\n\t\t<\/div>\n\t\t\t\t\t\t\t<\/div>\n\t\t<\/section>\n\t\t\t\t<section class=\"elementor-section elementor-top-section elementor-element elementor-element-4078bc7 elementor-section-boxed elementor-section-height-default elementor-section-height-default\" data-id=\"4078bc7\" data-element_type=\"section\">\n\t\t\t\t\t\t<div class=\"elementor-container elementor-column-gap-default\">\n\t\t\t\t\t<div class=\"elementor-column elementor-col-33 elementor-top-column elementor-element elementor-element-c9b7e6a\" data-id=\"c9b7e6a\" data-element_type=\"column\">\n\t\t\t<div class=\"elementor-widget-wrap elementor-element-populated\">\n\t\t\t\t\t\t\t\t<div class=\"elementor-element elementor-element-5f2dc62 elementor-align-center elementor-widget elementor-widget-button\" data-id=\"5f2dc62\" data-element_type=\"widget\" data-widget_type=\"button.default\">\n\t\t\t\t<div class=\"elementor-widget-container\">\n\t\t\t\t\t<div class=\"elementor-button-wrapper\">\n\t\t\t<a class=\"elementor-button elementor-button-link elementor-size-lg\" href=\"#canales-interes\">\n\t\t\t\t\t\t<span class=\"elementor-button-content-wrapper\">\n\t\t\t\t\t\t<span class=\"elementor-button-text\">CANALES DE INTER\u00c9S<\/span>\n\t\t<\/span>\n\t\t\t\t\t<\/a>\n\t\t<\/div>\n\t\t\t\t<\/div>\n\t\t\t\t<\/div>\n\t\t\t\t\t<\/div>\n\t\t<\/div>\n\t\t\t\t<div class=\"elementor-column elementor-col-33 elementor-top-column elementor-element elementor-element-d7ce5cb\" data-id=\"d7ce5cb\" data-element_type=\"column\">\n\t\t\t<div class=\"elementor-widget-wrap elementor-element-populated\">\n\t\t\t\t\t\t\t\t<div class=\"elementor-element elementor-element-ea00dd8 elementor-align-center elementor-widget elementor-widget-button\" data-id=\"ea00dd8\" data-element_type=\"widget\" data-widget_type=\"button.default\">\n\t\t\t\t<div class=\"elementor-widget-container\">\n\t\t\t\t\t<div class=\"elementor-button-wrapper\">\n\t\t\t<a class=\"elementor-button elementor-button-link elementor-size-lg\" href=\"#links-nacionales\">\n\t\t\t\t\t\t<span class=\"elementor-button-content-wrapper\">\n\t\t\t\t\t\t<span class=\"elementor-button-text\">LINKS NACIONALES<\/span>\n\t\t<\/span>\n\t\t\t\t\t<\/a>\n\t\t<\/div>\n\t\t\t\t<\/div>\n\t\t\t\t<\/div>\n\t\t\t\t\t<\/div>\n\t\t<\/div>\n\t\t\t\t<div class=\"elementor-column elementor-col-33 elementor-top-column elementor-element elementor-element-8db51f2\" data-id=\"8db51f2\" data-element_type=\"column\">\n\t\t\t<div class=\"elementor-widget-wrap elementor-element-populated\">\n\t\t\t\t\t\t\t\t<div class=\"elementor-element elementor-element-456b510 elementor-align-center elementor-widget elementor-widget-button\" data-id=\"456b510\" data-element_type=\"widget\" data-widget_type=\"button.default\">\n\t\t\t\t<div class=\"elementor-widget-container\">\n\t\t\t\t\t<div class=\"elementor-button-wrapper\">\n\t\t\t<a class=\"elementor-button elementor-button-link elementor-size-lg\" href=\"#links-internacionales\">\n\t\t\t\t\t\t<span class=\"elementor-button-content-wrapper\">\n\t\t\t\t\t\t<span class=\"elementor-button-text\">LINKS INTERNACIONALES<\/span>\n\t\t<\/span>\n\t\t\t\t\t<\/a>\n\t\t<\/div>\n\t\t\t\t<\/div>\n\t\t\t\t<\/div>\n\t\t\t\t\t<\/div>\n\t\t<\/div>\n\t\t\t\t\t\t\t<\/div>\n\t\t<\/section>\n\t\t\t\t<section class=\"elementor-section elementor-top-section elementor-element elementor-element-5e380455 elementor-section-boxed elementor-section-height-default elementor-section-height-default\" data-id=\"5e380455\" data-element_type=\"section\">\n\t\t\t\t\t\t<div class=\"elementor-container elementor-column-gap-default\">\n\t\t\t\t\t<div class=\"elementor-column elementor-col-100 elementor-top-column elementor-element elementor-element-6dfc6cf\" data-id=\"6dfc6cf\" data-element_type=\"column\">\n\t\t\t<div class=\"elementor-widget-wrap elementor-element-populated\">\n\t\t\t\t\t\t\t\t<div class=\"elementor-element elementor-element-eb7a942 elementor-widget elementor-widget-menu-anchor\" data-id=\"eb7a942\" data-element_type=\"widget\" data-widget_type=\"menu-anchor.default\">\n\t\t\t\t<div class=\"elementor-widget-container\">\n\t\t\t<style>\/*! elementor - v3.15.0 - 20-08-2023 *\/\nbody.elementor-page .elementor-widget-menu-anchor{margin-bottom:0}<\/style>\t\t<div id=\"canales-interes\" class=\"elementor-menu-anchor\"><\/div>\n\t\t\t\t<\/div>\n\t\t\t\t<\/div>\n\t\t\t\t<div class=\"elementor-element elementor-element-07c8e30 elementor-widget elementor-widget-text-editor\" data-id=\"07c8e30\" data-element_type=\"widget\" data-widget_type=\"text-editor.default\">\n\t\t\t\t<div class=\"elementor-widget-container\">\n\t\t\t<style>\/*! elementor - v3.15.0 - 20-08-2023 *\/\n.elementor-widget-text-editor.elementor-drop-cap-view-stacked .elementor-drop-cap{background-color:#69727d;color:#fff}.elementor-widget-text-editor.elementor-drop-cap-view-framed .elementor-drop-cap{color:#69727d;border:3px solid;background-color:transparent}.elementor-widget-text-editor:not(.elementor-drop-cap-view-default) .elementor-drop-cap{margin-top:8px}.elementor-widget-text-editor:not(.elementor-drop-cap-view-default) .elementor-drop-cap-letter{width:1em;height:1em}.elementor-widget-text-editor .elementor-drop-cap{float:left;text-align:center;line-height:1;font-size:50px}.elementor-widget-text-editor .elementor-drop-cap-letter{display:inline-block}<\/style>\t\t\t\t<table style=\"width: 100%;\">\n<thead>\n<tr>\n<th style=\"text-align: center;\" colspan=\"2\">\n<h3>Canales de inter\u00e9s<\/h3>\n<\/th>\n<\/tr>\n<tr>\n<th>\n<h5>\u00cdtem<\/h5>\n<\/th>\n<th>\n<h5>Enlace<\/h5>\n<\/th>\n<\/tr>\n<\/thead>\n<tbody>\n<tr>\n<td>Departamento de Ingenier\u00eda Civil, Facultad de Cs. F\u00edsicas y Matem\u00e1ticas, U. de Chile<\/td>\n<td><a href=\"https:\/\/www.youtube.com\/channel\/UCxF9P8B9c30M4MO-G7hnnng\" target=\"_blank\" rel=\"noopener\">https:\/\/youtube.com\/dicuchilefcfm<\/a><\/td>\n<\/tr>\n<tr>\n<\/tbody>\n<\/table>\t\t\t\t\t\t<\/div>\n\t\t\t\t<\/div>\n\t\t\t\t<div class=\"elementor-element elementor-element-c06ea1f elementor-widget elementor-widget-menu-anchor\" data-id=\"c06ea1f\" data-element_type=\"widget\" data-widget_type=\"menu-anchor.default\">\n\t\t\t\t<div class=\"elementor-widget-container\">\n\t\t\t\t\t<div id=\"links-nacionales\" class=\"elementor-menu-anchor\"><\/div>\n\t\t\t\t<\/div>\n\t\t\t\t<\/div>\n\t\t\t\t<div class=\"elementor-element elementor-element-a2eb843 elementor-widget elementor-widget-text-editor\" data-id=\"a2eb843\" data-element_type=\"widget\" data-widget_type=\"text-editor.default\">\n\t\t\t\t<div class=\"elementor-widget-container\">\n\t\t\t\t\t\t\t<table style=\"width: 100%;\"><thead><tr><th style=\"text-align: center;\" colspan=\"2\"><h3>Links Nacionales<\/h3><\/th><\/tr><tr><th><h5>\u00cdtem<\/h5><\/th><th><h5>Enlace<\/h5><\/th><\/tr><\/thead><tbody><tr><td>Instituto de Ingenieros de Chile:<\/td><td><a href=\"http:\/\/www.iing.cl\/\">http:\/\/www.iing.cl\/<\/a><\/td><\/tr><tr><td>Icold<\/td><td><a href=\"https:\/\/www.icold-cigb.org\/\">https:\/\/www.icold-cigb.org\/<\/a><\/td><\/tr><tr><td>Sociedad Chilena de Mec\u00e1nica de Rocas:<\/td><td><a href=\"https:\/\/www.scmr.cl\/\">https:\/\/www.scmr.cl\/<\/a><\/td><\/tr><tr><td>Sociedad Geol\u00f3gica de Chile:<\/td><td><a href=\"https:\/\/sociedadgeologica.cl\/\">https:\/\/sociedadgeologica.cl\/<\/a><\/td><\/tr><tr><td>Asociaci\u00f3n Chilena de Sismolog\u00eda e Ingenier\u00eda Antis\u00edsmica:<\/td><td><a href=\"http:\/\/www.achisina.cl\/\">http:\/\/www.achisina.cl\/<\/a><\/td><\/tr><tr><td>Centro Sismol\u00f3gico Nacional:<\/td><td><a href=\"http:\/\/www.sismologia.cl\/\">http:\/\/www.sismologia.cl\/<\/a><\/td><\/tr><tr><td>Asociaci\u00f3n Chilena de Ingenieros Estructurales:<\/td><td><a href=\"http:\/\/www.aice.cl\/\">http:\/\/www.aice.cl\/<\/a><\/td><\/tr><tr><td>Asociaci\u00f3n Chilena de Ingenier\u00eda de Puertos y Costas:<\/td><td><a href=\"https:\/\/www.puertosycostas.cl\/\">https:\/\/www.puertosycostas.cl\/<\/a><\/td><\/tr><tr><td>Colegio de Ingenieros de Chile:<\/td><td><a href=\"https:\/\/www.ingenieros.cl\/\">https:\/\/www.ingenieros.cl\/<\/a><\/td><\/tr><tr><td>C\u00e1mara Chilena de la Construcci\u00f3n:<\/td><td><a href=\"https:\/\/www.cchc.cl\/\">https:\/\/www.cchc.cl\/<\/a><\/td><\/tr><tr><td>Corporaci\u00f3n del Desarrollo Tecnol\u00f3gico:<\/td><td><a href=\"https:\/\/www.cdt.cl\/\">https:\/\/www.cdt.cl\/<\/a><\/td><\/tr><tr><td>Comit\u00e9 de T\u00faneles y Espacios Subterr\u00e1neos de Chile:<\/td><td><a href=\"https:\/\/ctes.cl\/\">https:\/\/ctes.cl\/<\/a><\/td><\/tr><\/tbody><\/table>\t\t\t\t\t\t<\/div>\n\t\t\t\t<\/div>\n\t\t\t\t\t<\/div>\n\t\t<\/div>\n\t\t\t\t\t\t\t<\/div>\n\t\t<\/section>\n\t\t\t\t<section class=\"elementor-section elementor-top-section elementor-element elementor-element-64a8305 elementor-section-boxed elementor-section-height-default elementor-section-height-default\" data-id=\"64a8305\" data-element_type=\"section\">\n\t\t\t\t\t\t<div class=\"elementor-container elementor-column-gap-default\">\n\t\t\t\t\t<div class=\"elementor-column elementor-col-100 elementor-top-column elementor-element elementor-element-a6b06ec\" data-id=\"a6b06ec\" data-element_type=\"column\">\n\t\t\t<div class=\"elementor-widget-wrap elementor-element-populated\">\n\t\t\t\t\t\t\t\t<div class=\"elementor-element elementor-element-49a58bf elementor-widget elementor-widget-menu-anchor\" data-id=\"49a58bf\" data-element_type=\"widget\" data-widget_type=\"menu-anchor.default\">\n\t\t\t\t<div class=\"elementor-widget-container\">\n\t\t\t\t\t<div id=\"links-internacionales\" class=\"elementor-menu-anchor\"><\/div>\n\t\t\t\t<\/div>\n\t\t\t\t<\/div>\n\t\t\t\t<div class=\"elementor-element elementor-element-79300831 elementor-widget elementor-widget-text-editor\" data-id=\"79300831\" data-element_type=\"widget\" data-widget_type=\"text-editor.default\">\n\t\t\t\t<div class=\"elementor-widget-container\">\n\t\t\t\t\t\t\t<p>Sociedad Internacional de Mec\u00e1nica de Suelos e Ingenier\u00eda Geot\u00e9cnica:<a href=\"https:\/\/www.issmge.org\/\">https:\/\/www.issmge.org\/<\/a><\/p>\n<table style=\"width: 100%;\">\n<thead>\n<tr>\n<th style=\"text-align: center;\" colspan=\"2\">\n<h3>Links Internacionales<\/h3>\n<\/th>\n<\/tr>\n<tr>\n<th>\n<h5>\u00cdtem<\/h5>\n<\/th>\n<th>\n<h5>Enlace<\/h5>\n<\/th>\n<\/tr>\n<\/thead>\n<tbody>\n<tr>\n<td>Sociedad Internacional de Mec\u00e1nica de Suelos e Ingenier\u00eda Geot\u00e9cnica:<\/td>\n<td><a href=\"https:\/\/www.issmge.org\/\">https:\/\/www.issmge.org\/<\/a><\/td>\n<\/tr>\n<tr>\n<td>Sociedad Internacional de Mec\u00e1nica de Rocas:<\/td>\n<td><a href=\"https:\/\/www.isrm.net\/\">https:\/\/www.isrm.net\/<\/a><\/td>\n<\/tr>\n<tr>\n<td>Geo-Institute of ASCE<\/td>\n<td><a href=\"https:\/\/www.geoinstitute.org\/\">https:\/\/www.geoinstitute.org\/<\/a><\/td>\n<\/tr>\n<tr>\n<td>Solis and Rocks<\/td>\n<td><a href=\"https:\/\/www.soilsandrocks.com\/\" target=\"_blank\">https:\/\/www.soilsandrocks.com\/&nbsp;<\/a><\/td><\/tr><tr><td>United States Universities Council on Geotechnical Education and Research<\/td>\n<td><a href=\"http:\/\/www.usucger.org\/\">http:\/\/www.usucger.org\/<\/a><\/td>\n<\/tr>\n<tr>\n<td>Deep Foundations Institute<\/td>\n<td><a href=\"http:\/\/dfi.org\/\">http:\/\/dfi.org\/<\/a><\/td>\n<\/tr>\n<tr>\n<td>G\u00e9otechnique Journal<\/td>\n<td><a href=\"https:\/\/www.icevirtuallibrary.com\/loi\/jgeot\">https:\/\/www.icevirtuallibrary.com\/loi\/jgeot<\/a><\/td>\n<\/tr>\n<tr>\n<td>Bulletin of Engineering Geology and the Enviromental<\/td>\n<td><a href=\"https:\/\/link.springer.com\/journal\/volumesAndIssues\/10064\">https:\/\/link.springer.com\/journal\/volumesAndIssues\/10064<\/a><\/td>\n<\/tr>\n<tr>\n<td>Soils and Foundations Journal<\/td>\n<td><a href=\"https:\/\/www.journals.elsevier.com\/soils-and-foundations\">https:\/\/www.journals.elsevier.com\/soils-and-foundations<\/a><\/td>\n<\/tr>\n<tr>\n<td>Engineering Geology Journal<\/td>\n<td><a href=\"https:\/\/www.journals.elsevier.com\/engineering-geology\">https:\/\/www.journals.elsevier.com\/engineering-geology<\/a><\/td>\n<\/tr>\n<tr>\n<td>International Journal of Rock Mechanics and Mining Sciences<\/td>\n<td><a href=\"https:\/\/www.journals.elsevier.com\/international-journal-of-rock-mechanics-and-mining-sciences\">https:\/\/www.journals.elsevier.com\/international-journal-of-rock-mechanics-and-mining-sciences<\/a><\/td>\n<\/tr>\n<\/tbody>\n<\/table>\t\t\t\t\t\t<\/div>\n\t\t\t\t<\/div>\n\t\t\t\t\t<\/div>\n\t\t<\/div>\n\t\t\t\t\t\t\t<\/div>\n\t\t<\/section>\n\t\t\t\t\t\t\t<\/div>","protected":false},"excerpt":{"rendered":"<p>CANALES DE INTER\u00c9S LINKS NACIONALES LINKS INTERNACIONALES Canales de inter\u00e9s \u00cdtem Enlace Departamento de Ingenier\u00eda Civil, Facultad de Cs. F\u00edsicas y Matem\u00e1ticas, U. de Chile https:\/\/youtube.com\/dicuchilefcfm Links Nacionales \u00cdtem Enlace [&hellip;]<\/p>","protected":false},"author":1,"featured_media":0,"parent":0,"menu_order":0,"comment_status":"closed","ping_status":"closed","template":"","meta":{"ngg_post_thumbnail":0,"_links_to":"","_links_to_target":""},"_links":{"self":[{"href":"https:\/\/sochige.cl\/en\/wp-json\/wp\/v2\/pages\/4941"}],"collection":[{"href":"https:\/\/sochige.cl\/en\/wp-json\/wp\/v2\/pages"}],"about":[{"href":"https:\/\/sochige.cl\/en\/wp-json\/wp\/v2\/types\/page"}],"author":[{"embeddable":true,"href":"https:\/\/sochige.cl\/en\/wp-json\/wp\/v2\/users\/1"}],"replies":[{"embeddable":true,"href":"https:\/\/sochige.cl\/en\/wp-json\/wp\/v2\/comments?post=4941"}],"version-history":[{"count":43,"href":"https:\/\/sochige.cl\/en\/wp-json\/wp\/v2\/pages\/4941\/revisions"}],"predecessor-version":[{"id":12975,"href":"https:\/\/sochige.cl\/en\/wp-json\/wp\/v2\/pages\/4941\/revisions\/12975"}],"wp:attachment":[{"href":"https:\/\/sochige.cl\/en\/wp-json\/wp\/v2\/media?parent=4941"}],"curies":[{"name":"wp","href":"https:\/\/api.w.org\/{rel}","templated":true}]}}